{"id":5815,"date":"2025-04-21T16:21:38","date_gmt":"2025-04-21T14:21:38","guid":{"rendered":"https:\/\/scopen.com\/legal-notice\/"},"modified":"2025-06-03T13:48:41","modified_gmt":"2025-06-03T11:48:41","slug":"legal-notice","status":"publish","type":"page","link":"https:\/\/scopen.com\/en\/legal-notice\/","title":{"rendered":"Legal Notice"},"content":{"rendered":"\t\t<div data-elementor-type=\"wp-page\" data-elementor-id=\"5815\" class=\"elementor elementor-5815 elementor-5133\" data-elementor-post-type=\"page\">\n\t\t\t\t<div class=\"elementor-element elementor-element-39906d8 e-flex e-con-boxed e-con e-parent\" data-id=\"39906d8\" data-element_type=\"container\" data-settings=\"{&quot;background_background&quot;:&quot;classic&quot;}\">\n\t\t\t\t\t<div class=\"e-con-inner\">\n\t\t\t\t<div class=\"elementor-element elementor-element-8335856 elementor-widget__width-initial elementor-widget elementor-widget-heading\" data-id=\"8335856\" data-element_type=\"widget\" data-widget_type=\"heading.default\">\n\t\t\t\t<div class=\"elementor-widget-container\">\n\t\t\t\t\t<h1 class=\"elementor-heading-title elementor-size-default\">Aviso legal \u2192<\/h1>\t\t\t\t<\/div>\n\t\t\t\t<\/div>\n\t\t\t\t\t<\/div>\n\t\t\t\t<\/div>\n\t\t<div class=\"elementor-element elementor-element-d2b89c5 e-flex e-con-boxed e-con e-parent\" data-id=\"d2b89c5\" data-element_type=\"container\">\n\t\t\t\t\t<div class=\"e-con-inner\">\n\t\t\t\t<div class=\"elementor-element elementor-element-d6ad199 elementor-widget elementor-widget-text-editor\" data-id=\"d6ad199\" data-element_type=\"widget\" data-widget_type=\"text-editor.default\">\n\t\t\t\t<div class=\"elementor-widget-container\">\n\t\t\t\t\t\t\t\t\t<p> <\/p><p><strong>1.- TITULAR DEL SITIO WEB <\/strong><\/p><p>En cumplimiento de lo establecido en la Ley 34\/2002, de 11 de Julio, de Servicios de la Sociedad de la Informaci\u00f3n le informamos de que el titular del sitio www.scopen.com (en adelante el Sitio Web) es la sociedad CONSULTORES DE PUBLICIDAD, S.A., con domicilio en la calle Goya, 59, 28001, de Madrid y con C.I.F. A-79622171 e inscrita en el Registro Mercantil de Madrid, Tomo 1021, Folio 1, Secci\u00f3n 186, Hoja M-11.799 (en adelante SCOPEN)<\/p><p>Puede contactar con nosotros a trav\u00e9s del correo electr\u00f3nico <a href=\"mailto:hello@scopen.com\">hello@scopen.com<\/a><\/p><p><strong>2.- OBJETO, CONDICIONES DE ACCESO Y USO<\/strong><\/p><p>El presente Aviso Legal regula el uso, incluyendo el mero acceso, al Sitio Web. El Sitio Web tiene por objeto facilitar al usuario informaci\u00f3n sobre las actividades y servicios que SCOPEN realiza y presta y facilita a los usuarios el acceso a contenidos propios o de terceros.<\/p><p>El acceso y navegaci\u00f3n por el Sitio Web le atribuye la condici\u00f3n de usuario y conlleva la aceptaci\u00f3n plena y sin reservas de las condiciones establecidas en el presente Aviso Legal. Por favor, lea previamente el Aviso Legal y en caso de no estar conforme con su contenido, abst\u00e9ngase de acceder al Sitio Web.<\/p><p>El usuario acepta voluntariamente que el acceso y el uso del Sitio web se realiza bajo su propia y exclusiva responsabilidad. SCOPEN se reserva el derecho a modificar unilateralmente, en cualquier momento y sin previo aviso, el contenido del Sitio Web y del presente Aviso Legal con la finalidad de adaptarse a cambios operativos, t\u00e9cnicos o legislativos.<\/p><p>El usuario se compromete a utilizar el Sitio Web, los contenidos y servicios en ella ofrecidos de conformidad con la ley, el presente Avisto Legal, la buena fe, las buenas costumbres y el orden p\u00fablico. En el uso del Sitio Web, el usuario se compromete a no realizar ninguna conducta que pudiera da\u00f1ar la imagen, los intereses y los derechos de SCOPEN o de terceros o que impidieran la normal utilizaci\u00f3n del Sitio web.<\/p><p><strong>3.- CONTENIDOS DEL SITIO WEB \u2013 DERECHOS DE PROPIEDAD INTELECTUAL E INDUSTRIAL<\/strong><\/p><p>Todos los contenidos del Sitio Web, salvo que se indique lo contrario, son titularidad exclusiva de SCOPEN o de terceros que han autorizado su inclusi\u00f3n en el mismo.<\/p><p>Igualmente, todos los nombres comerciales, marcas o signos distintivos de cualquier clase contenidos en el Sitio Web est\u00e1n protegidos estando prohibida su reproducci\u00f3n, utilizaci\u00f3n o inserci\u00f3n sin la debida autorizaci\u00f3n por parte de SCOPEN.<\/p><p>El usuario reconoce que la reproducci\u00f3n, distribuci\u00f3n, comercializaci\u00f3n o transformaci\u00f3n no autorizada de los elementos indicados podr\u00e1 constituir una infracci\u00f3n de los derechos de propiedad intelectual y\/o industrial de SCOPEN o de los titulares de los mismos.<\/p><p>Se proh\u00edbe por tanto, la reproducci\u00f3n, transformaci\u00f3n, comunicaci\u00f3n p\u00fablica, distribuci\u00f3n, puesta a disposici\u00f3n del p\u00fablico, y en general, cualquier otra forma de explotaci\u00f3n, por cualquier procedimiento, de todo o parte de los contenidos del Sitio Web, as\u00ed como de su dise\u00f1o y forma de presentaci\u00f3n de los contenidos, sin contar para ello con la correspondiente autorizaci\u00f3n del titular de los derechos o salvo si se encontrara legalmente permitido o fuera acorde con la naturaleza del propio contenido.<\/p><p>El acceso al Sitio Web no supone en ning\u00fan caso, adquisici\u00f3n por parte de los usuarios de derechos de propiedad alguno sobre los contenidos que figuran en el mismo.<\/p><p><strong>4.- RESPONSABILIDAD<\/strong><\/p><p>SCOPEN realiza los m\u00e1ximos esfuerzos para garantizar que la navegaci\u00f3n a trav\u00e9s del Sitio Web se realice en las mejores condiciones. No obstante, SCOPEN no puede garantizar la inexistencia de interferencias, omisiones, interrupciones, virus inform\u00e1ticos, aver\u00edas telef\u00f3nicas o desconexiones en el funcionamiento operativo del sistema electr\u00f3nico, motivado por causas ajenas a SCOPEN.<\/p><p>De igual forma, SCOPEN realizar los mejores esfuerzos para que los contenidos del Sitio Web est\u00e9n actualizados, no obstante, no garantiza la exactitud, pertinencia o actualidad de los contenidos.<\/p><p>El presente Sitio Web podr\u00e1 incorporar links o hiperenlaces que permiten al usuario el acceso a sitios de terceros o gestionados por terceros, siendo los titulares de dichos sitios los responsables de los contenidos en ellos alojados.<\/p><p>Cualquier persona f\u00edsica o jur\u00eddica que desee establecer un hiperenlace o link desde su sitio web a este Sitio Web, deber\u00e1 obtener previa autorizaci\u00f3n de SCOPEN. En cualquier caso, la existencia de hiperenlaces en p\u00e1ginas web de terceros que permitan el acceso a este Sitio Web no implicar\u00e1 en ning\u00fan caso la existencia de relaciones comerciales o mercantiles con el titular de la p\u00e1gina web donde se establezca el hiperenlace, ni la aceptaci\u00f3n por parte de SCOPEN. de sus contenidos o servicios. SCOPEN declina toda responsabilidad respecto a la informaci\u00f3n que se halle fuera del Sitio Web.<\/p><p><strong>5.- LEY APLICABLE<\/strong><\/p><p>El presente Aviso Legal se regir\u00e1 e interpretar\u00e1 de acuerdo con la legislaci\u00f3n espa\u00f1ola.<\/p>\t\t\t\t\t\t\t\t<\/div>\n\t\t\t\t<\/div>\n\t\t\t\t\t<\/div>\n\t\t\t\t<\/div>\n\t\t\t\t<\/div>\n\t\t","protected":false},"excerpt":{"rendered":"<p>Aviso legal \u2192 1.- TITULAR DEL SITIO WEB En cumplimiento de lo establecido en la Ley 34\/2002, de 11 de Julio, de Servicios de la Sociedad de la Informaci\u00f3n le informamos de que el titular del sitio www.scopen.com (en adelante el Sitio Web) es la sociedad CONSULTORES DE PUBLICIDAD, S.A., con domicilio en la calle [&hellip;]<\/p>\n","protected":false},"author":3,"featured_media":0,"parent":0,"menu_order":0,"comment_status":"closed","ping_status":"closed","template":"","meta":{"_acf_changed":false,"footnotes":""},"class_list":["post-5815","page","type-page","status-publish","hentry"],"acf":[],"_links":{"self":[{"href":"https:\/\/scopen.com\/en\/wp-json\/wp\/v2\/pages\/5815","targetHints":{"allow":["GET"]}}],"collection":[{"href":"https:\/\/scopen.com\/en\/wp-json\/wp\/v2\/pages"}],"about":[{"href":"https:\/\/scopen.com\/en\/wp-json\/wp\/v2\/types\/page"}],"author":[{"embeddable":true,"href":"https:\/\/scopen.com\/en\/wp-json\/wp\/v2\/users\/3"}],"replies":[{"embeddable":true,"href":"https:\/\/scopen.com\/en\/wp-json\/wp\/v2\/comments?post=5815"}],"version-history":[{"count":2,"href":"https:\/\/scopen.com\/en\/wp-json\/wp\/v2\/pages\/5815\/revisions"}],"predecessor-version":[{"id":6411,"href":"https:\/\/scopen.com\/en\/wp-json\/wp\/v2\/pages\/5815\/revisions\/6411"}],"wp:attachment":[{"href":"https:\/\/scopen.com\/en\/wp-json\/wp\/v2\/media?parent=5815"}],"curies":[{"name":"wp","href":"https:\/\/api.w.org\/{rel}","templated":true}]}}